{"id":243,"date":"2026-04-29T14:28:21","date_gmt":"2026-04-29T14:28:21","guid":{"rendered":"https:\/\/mercedesbarrutia.com\/fundamental\/?page_id=243"},"modified":"2026-04-29T21:50:13","modified_gmt":"2026-04-29T21:50:13","slug":"servicios","status":"publish","type":"page","link":"https:\/\/mercedesbarrutia.com\/fundamental\/servicios\/","title":{"rendered":"Servicios incluidos"},"content":{"rendered":"\n<p>Est\u00e1n incluidos en todas las modalidades de alquiles de zonas de trabajo: <\/p>\n\n\n\n<ul class=\"wp-block-list\">\n<li>Internet de alta velocidad<\/li>\n\n\n\n<li>Asesoramiento en Comunicaci\u00f3n a cargo de Mercedes Barrutia (s\u00f3lo para contratos quincenales y mensuales)<\/li>\n\n\n\n<li>Caf\u00e9 de comercio justo y t\u00e9 ecol\u00f3gicos<\/li>\n\n\n\n<li>Servicio de barra equipada (nevera, cafetera, hervidora, sandwichera, microondas\u2026)<\/li>\n\n\n\n<li>Espacio luminoso y con muy buen ambiente<\/li>\n\n\n\n<li>Biblioteca<\/li>\n\n\n\n<li>Seguridad y alarma<\/li>\n\n\n\n<li>Ambiente \u00e9tico, inclusivo y profesional<\/li>\n\n\n\n<li>Servicio de limpieza y recogida de basura<\/li>\n<\/ul>\n\n\n\n<div style=\"height:54px\" aria-hidden=\"true\" class=\"wp-block-spacer\"><\/div>\n\n\n\n<h2 class=\"wp-block-heading\"><mark style=\"background-color:rgba(0, 0, 0, 0);color:#fcd576\" class=\"has-inline-color\">OTROS SERVICIOS (consulta condiciones y precios)<\/mark><\/h2>\n\n\n\n<p><\/p>\n\n\n\n<ul class=\"wp-block-list\">\n<li>Sala de formaciones con pantalla de tv de 55\u2019 y altavoces<\/li>\n\n\n\n<li>Sala de reuniones de hasta 6 personas con pantalla de tv de 55\u2019 y altavoces<\/li>\n\n\n\n<li>Zona de fotograf\u00eda<\/li>\n\n\n\n<li>Zona de grabaci\u00f3n<\/li>\n\n\n\n<li>Equipo audiovisual<\/li>\n\n\n\n<li>Zona privada para videollamadas<\/li>\n\n\n\n<li>Asesor\u00eda de Comunicaci\u00f3n y Marketing (sujeto a estudio)<\/li>\n\n\n\n<li>Formaci\u00f3n profesional para empresas<\/li>\n<\/ul>\n\n\n\n<figure class=\"wp-block-image size-large\"><img loading=\"lazy\" decoding=\"async\" width=\"1024\" height=\"311\" src=\"https:\/\/mercedesbarrutia.com\/fundamental\/wp-content\/uploads\/2026\/04\/LOGO-SERVICIOS-1024x311.png\" alt=\"\" class=\"wp-image-244\" srcset=\"https:\/\/mercedesbarrutia.com\/fundamental\/wp-content\/uploads\/2026\/04\/LOGO-SERVICIOS-1024x311.png 1024w, https:\/\/mercedesbarrutia.com\/fundamental\/wp-content\/uploads\/2026\/04\/LOGO-SERVICIOS-300x91.png 300w, https:\/\/mercedesbarrutia.com\/fundamental\/wp-content\/uploads\/2026\/04\/LOGO-SERVICIOS-768x233.png 768w, https:\/\/mercedesbarrutia.com\/fundamental\/wp-content\/uploads\/2026\/04\/LOGO-SERVICIOS-1536x466.png 1536w, https:\/\/mercedesbarrutia.com\/fundamental\/wp-content\/uploads\/2026\/04\/LOGO-SERVICIOS-2048x621.png 2048w\" sizes=\"auto, (max-width: 1024px) 100vw, 1024px\" \/><\/figure>\n","protected":false},"excerpt":{"rendered":"<p>Est\u00e1n incluidos en todas las modalidades de alquiles de zonas de trabajo: OTROS SERVICIOS (consulta [&hellip;]<\/p>\n","protected":false},"author":2,"featured_media":0,"parent":0,"menu_order":0,"comment_status":"closed","ping_status":"closed","template":"","meta":{"_uag_custom_page_level_css":"","footnotes":""},"class_list":["post-243","page","type-page","status-publish","hentry"],"yoast_head":"<!-- This site is optimized with the Yoast SEO plugin v27.5 - https:\/\/yoast.com\/product\/yoast-seo-wordpress\/ -->\n<title>Servicios incluidos - Es fundamental<\/title>\n<meta name=\"description\" content=\"Consulta los servicios del coworking de Mercedes Barrutia\" \/>\n<meta name=\"robots\" content=\"index, follow, max-snippet:-1, max-image-preview:large, max-video-preview:-1\" \/>\n<link rel=\"canonical\" href=\"https:\/\/mercedesbarrutia.com\/fundamental\/servicios\/\" \/>\n<meta property=\"og:locale\" content=\"es_ES\" \/>\n<meta property=\"og:type\" content=\"article\" \/>\n<meta property=\"og:title\" content=\"Servicios incluidos - Es fundamental\" \/>\n<meta property=\"og:description\" content=\"Consulta los servicios del coworking de Mercedes Barrutia\" \/>\n<meta property=\"og:url\" content=\"https:\/\/mercedesbarrutia.com\/fundamental\/servicios\/\" \/>\n<meta property=\"og:site_name\" content=\"Es fundamental\" \/>\n<meta property=\"article:modified_time\" content=\"2026-04-29T21:50:13+00:00\" \/>\n<meta property=\"og:image\" content=\"https:\/\/mercedesbarrutia.com\/fundamental\/wp-content\/uploads\/2026\/04\/LOGO-SERVICIOS-scaled.png\" \/>\n\t<meta property=\"og:image:width\" content=\"2560\" \/>\n\t<meta property=\"og:image:height\" content=\"776\" \/>\n\t<meta property=\"og:image:type\" content=\"image\/png\" \/>\n<meta name=\"twitter:card\" content=\"summary_large_image\" \/>\n<meta name=\"twitter:label1\" content=\"Tiempo de lectura\" \/>\n\t<meta name=\"twitter:data1\" content=\"1 minuto\" \/>\n<script type=\"application\/ld+json\" class=\"yoast-schema-graph\">{\"@context\":\"https:\\\/\\\/schema.org\",\"@graph\":[{\"@type\":\"WebPage\",\"@id\":\"https:\\\/\\\/mercedesbarrutia.com\\\/fundamental\\\/servicios\\\/\",\"url\":\"https:\\\/\\\/mercedesbarrutia.com\\\/fundamental\\\/servicios\\\/\",\"name\":\"Servicios incluidos - Es fundamental\",\"isPartOf\":{\"@id\":\"https:\\\/\\\/mercedesbarrutia.com\\\/fundamental\\\/#website\"},\"primaryImageOfPage\":{\"@id\":\"https:\\\/\\\/mercedesbarrutia.com\\\/fundamental\\\/servicios\\\/#primaryimage\"},\"image\":{\"@id\":\"https:\\\/\\\/mercedesbarrutia.com\\\/fundamental\\\/servicios\\\/#primaryimage\"},\"thumbnailUrl\":\"https:\\\/\\\/mercedesbarrutia.com\\\/fundamental\\\/wp-content\\\/uploads\\\/2026\\\/04\\\/LOGO-SERVICIOS-1024x311.png\",\"datePublished\":\"2026-04-29T14:28:21+00:00\",\"dateModified\":\"2026-04-29T21:50:13+00:00\",\"description\":\"Consulta los servicios del coworking de Mercedes Barrutia\",\"breadcrumb\":{\"@id\":\"https:\\\/\\\/mercedesbarrutia.com\\\/fundamental\\\/servicios\\\/#breadcrumb\"},\"inLanguage\":\"es\",\"potentialAction\":[{\"@type\":\"ReadAction\",\"target\":[\"https:\\\/\\\/mercedesbarrutia.com\\\/fundamental\\\/servicios\\\/\"]}]},{\"@type\":\"ImageObject\",\"inLanguage\":\"es\",\"@id\":\"https:\\\/\\\/mercedesbarrutia.com\\\/fundamental\\\/servicios\\\/#primaryimage\",\"url\":\"https:\\\/\\\/mercedesbarrutia.com\\\/fundamental\\\/wp-content\\\/uploads\\\/2026\\\/04\\\/LOGO-SERVICIOS-scaled.png\",\"contentUrl\":\"https:\\\/\\\/mercedesbarrutia.com\\\/fundamental\\\/wp-content\\\/uploads\\\/2026\\\/04\\\/LOGO-SERVICIOS-scaled.png\",\"width\":2560,\"height\":776},{\"@type\":\"BreadcrumbList\",\"@id\":\"https:\\\/\\\/mercedesbarrutia.com\\\/fundamental\\\/servicios\\\/#breadcrumb\",\"itemListElement\":[{\"@type\":\"ListItem\",\"position\":1,\"name\":\"Portada\",\"item\":\"https:\\\/\\\/mercedesbarrutia.com\\\/fundamental\\\/\"},{\"@type\":\"ListItem\",\"position\":2,\"name\":\"Servicios incluidos\"}]},{\"@type\":\"WebSite\",\"@id\":\"https:\\\/\\\/mercedesbarrutia.com\\\/fundamental\\\/#website\",\"url\":\"https:\\\/\\\/mercedesbarrutia.com\\\/fundamental\\\/\",\"name\":\"Formaci\u00f3n Profesional y Educaci\u00f3n Social\",\"description\":\"Formaci\u00f3n profesional &amp; educaci\u00f3n social\",\"publisher\":{\"@id\":\"https:\\\/\\\/mercedesbarrutia.com\\\/fundamental\\\/#\\\/schema\\\/person\\\/9beb311f3633e576fab6de667c16c022\"},\"potentialAction\":[{\"@type\":\"SearchAction\",\"target\":{\"@type\":\"EntryPoint\",\"urlTemplate\":\"https:\\\/\\\/mercedesbarrutia.com\\\/fundamental\\\/?s={search_term_string}\"},\"query-input\":{\"@type\":\"PropertyValueSpecification\",\"valueRequired\":true,\"valueName\":\"search_term_string\"}}],\"inLanguage\":\"es\"},{\"@type\":[\"Person\",\"Organization\"],\"@id\":\"https:\\\/\\\/mercedesbarrutia.com\\\/fundamental\\\/#\\\/schema\\\/person\\\/9beb311f3633e576fab6de667c16c022\",\"name\":\"Formaci\u00f3n Profesional y Educaci\u00f3n Social\",\"image\":{\"@type\":\"ImageObject\",\"inLanguage\":\"es\",\"@id\":\"https:\\\/\\\/mercedesbarrutia.com\\\/fundamental\\\/wp-content\\\/uploads\\\/2025\\\/01\\\/FUNDAMENTAL-LOGOTIPO-03.png\",\"url\":\"https:\\\/\\\/mercedesbarrutia.com\\\/fundamental\\\/wp-content\\\/uploads\\\/2025\\\/01\\\/FUNDAMENTAL-LOGOTIPO-03.png\",\"contentUrl\":\"https:\\\/\\\/mercedesbarrutia.com\\\/fundamental\\\/wp-content\\\/uploads\\\/2025\\\/01\\\/FUNDAMENTAL-LOGOTIPO-03.png\",\"width\":1082,\"height\":686,\"caption\":\"Formaci\u00f3n Profesional y Educaci\u00f3n Social\"},\"logo\":{\"@id\":\"https:\\\/\\\/mercedesbarrutia.com\\\/fundamental\\\/wp-content\\\/uploads\\\/2025\\\/01\\\/FUNDAMENTAL-LOGOTIPO-03.png\"},\"description\":\"Esta p\u00e1gina web es un entorno dedicado a la formaci\u00f3n profesional y a la educaci\u00f3n social a cargo de la comunicadora Mercedes Barrutia.\",\"sameAs\":[\"http:\\\/\\\/mercedesbarrutia.com\\\/fundamental\",\"https:\\\/\\\/www.instagram.com\\\/fundamental_formacion\\\/\",\"https:\\\/\\\/www.linkedin.com\\\/company\\\/fundamental-formacin\\\/\"]}]}<\/script>\n<!-- \/ Yoast SEO plugin. -->","yoast_head_json":{"title":"Servicios incluidos - Es fundamental","description":"Consulta los servicios del coworking de Mercedes Barrutia","robots":{"index":"index","follow":"follow","max-snippet":"max-snippet:-1","max-image-preview":"max-image-preview:large","max-video-preview":"max-video-preview:-1"},"canonical":"https:\/\/mercedesbarrutia.com\/fundamental\/servicios\/","og_locale":"es_ES","og_type":"article","og_title":"Servicios incluidos - Es fundamental","og_description":"Consulta los servicios del coworking de Mercedes Barrutia","og_url":"https:\/\/mercedesbarrutia.com\/fundamental\/servicios\/","og_site_name":"Es fundamental","article_modified_time":"2026-04-29T21:50:13+00:00","og_image":[{"width":2560,"height":776,"url":"https:\/\/mercedesbarrutia.com\/fundamental\/wp-content\/uploads\/2026\/04\/LOGO-SERVICIOS-scaled.png","type":"image\/png"}],"twitter_card":"summary_large_image","twitter_misc":{"Tiempo de lectura":"1 minuto"},"schema":{"@context":"https:\/\/schema.org","@graph":[{"@type":"WebPage","@id":"https:\/\/mercedesbarrutia.com\/fundamental\/servicios\/","url":"https:\/\/mercedesbarrutia.com\/fundamental\/servicios\/","name":"Servicios incluidos - Es fundamental","isPartOf":{"@id":"https:\/\/mercedesbarrutia.com\/fundamental\/#website"},"primaryImageOfPage":{"@id":"https:\/\/mercedesbarrutia.com\/fundamental\/servicios\/#primaryimage"},"image":{"@id":"https:\/\/mercedesbarrutia.com\/fundamental\/servicios\/#primaryimage"},"thumbnailUrl":"https:\/\/mercedesbarrutia.com\/fundamental\/wp-content\/uploads\/2026\/04\/LOGO-SERVICIOS-1024x311.png","datePublished":"2026-04-29T14:28:21+00:00","dateModified":"2026-04-29T21:50:13+00:00","description":"Consulta los servicios del coworking de Mercedes Barrutia","breadcrumb":{"@id":"https:\/\/mercedesbarrutia.com\/fundamental\/servicios\/#breadcrumb"},"inLanguage":"es","potentialAction":[{"@type":"ReadAction","target":["https:\/\/mercedesbarrutia.com\/fundamental\/servicios\/"]}]},{"@type":"ImageObject","inLanguage":"es","@id":"https:\/\/mercedesbarrutia.com\/fundamental\/servicios\/#primaryimage","url":"https:\/\/mercedesbarrutia.com\/fundamental\/wp-content\/uploads\/2026\/04\/LOGO-SERVICIOS-scaled.png","contentUrl":"https:\/\/mercedesbarrutia.com\/fundamental\/wp-content\/uploads\/2026\/04\/LOGO-SERVICIOS-scaled.png","width":2560,"height":776},{"@type":"BreadcrumbList","@id":"https:\/\/mercedesbarrutia.com\/fundamental\/servicios\/#breadcrumb","itemListElement":[{"@type":"ListItem","position":1,"name":"Portada","item":"https:\/\/mercedesbarrutia.com\/fundamental\/"},{"@type":"ListItem","position":2,"name":"Servicios incluidos"}]},{"@type":"WebSite","@id":"https:\/\/mercedesbarrutia.com\/fundamental\/#website","url":"https:\/\/mercedesbarrutia.com\/fundamental\/","name":"Formaci\u00f3n Profesional y Educaci\u00f3n Social","description":"Formaci\u00f3n profesional &amp; educaci\u00f3n social","publisher":{"@id":"https:\/\/mercedesbarrutia.com\/fundamental\/#\/schema\/person\/9beb311f3633e576fab6de667c16c022"},"potentialAction":[{"@type":"SearchAction","target":{"@type":"EntryPoint","urlTemplate":"https:\/\/mercedesbarrutia.com\/fundamental\/?s={search_term_string}"},"query-input":{"@type":"PropertyValueSpecification","valueRequired":true,"valueName":"search_term_string"}}],"inLanguage":"es"},{"@type":["Person","Organization"],"@id":"https:\/\/mercedesbarrutia.com\/fundamental\/#\/schema\/person\/9beb311f3633e576fab6de667c16c022","name":"Formaci\u00f3n Profesional y Educaci\u00f3n Social","image":{"@type":"ImageObject","inLanguage":"es","@id":"https:\/\/mercedesbarrutia.com\/fundamental\/wp-content\/uploads\/2025\/01\/FUNDAMENTAL-LOGOTIPO-03.png","url":"https:\/\/mercedesbarrutia.com\/fundamental\/wp-content\/uploads\/2025\/01\/FUNDAMENTAL-LOGOTIPO-03.png","contentUrl":"https:\/\/mercedesbarrutia.com\/fundamental\/wp-content\/uploads\/2025\/01\/FUNDAMENTAL-LOGOTIPO-03.png","width":1082,"height":686,"caption":"Formaci\u00f3n Profesional y Educaci\u00f3n Social"},"logo":{"@id":"https:\/\/mercedesbarrutia.com\/fundamental\/wp-content\/uploads\/2025\/01\/FUNDAMENTAL-LOGOTIPO-03.png"},"description":"Esta p\u00e1gina web es un entorno dedicado a la formaci\u00f3n profesional y a la educaci\u00f3n social a cargo de la comunicadora Mercedes Barrutia.","sameAs":["http:\/\/mercedesbarrutia.com\/fundamental","https:\/\/www.instagram.com\/fundamental_formacion\/","https:\/\/www.linkedin.com\/company\/fundamental-formacin\/"]}]}},"uagb_featured_image_src":{"full":false,"thumbnail":false,"medium":false,"medium_large":false,"large":false,"1536x1536":false,"2048x2048":false},"uagb_author_info":{"display_name":"Formaci\u00f3n Profesional y Educaci\u00f3n Social","author_link":"https:\/\/mercedesbarrutia.com\/fundamental\/author\/admin-2\/"},"uagb_comment_info":0,"uagb_excerpt":"Est\u00e1n incluidos en todas las modalidades de alquiles de zonas de trabajo: OTROS SERVICIOS (consulta [&hellip;]","jetpack_sharing_enabled":true,"_links":{"self":[{"href":"https:\/\/mercedesbarrutia.com\/fundamental\/wp-json\/wp\/v2\/pages\/243","targetHints":{"allow":["GET"]}}],"collection":[{"href":"https:\/\/mercedesbarrutia.com\/fundamental\/wp-json\/wp\/v2\/pages"}],"about":[{"href":"https:\/\/mercedesbarrutia.com\/fundamental\/wp-json\/wp\/v2\/types\/page"}],"author":[{"embeddable":true,"href":"https:\/\/mercedesbarrutia.com\/fundamental\/wp-json\/wp\/v2\/users\/2"}],"replies":[{"embeddable":true,"href":"https:\/\/mercedesbarrutia.com\/fundamental\/wp-json\/wp\/v2\/comments?post=243"}],"version-history":[{"count":5,"href":"https:\/\/mercedesbarrutia.com\/fundamental\/wp-json\/wp\/v2\/pages\/243\/revisions"}],"predecessor-version":[{"id":386,"href":"https:\/\/mercedesbarrutia.com\/fundamental\/wp-json\/wp\/v2\/pages\/243\/revisions\/386"}],"wp:attachment":[{"href":"https:\/\/mercedesbarrutia.com\/fundamental\/wp-json\/wp\/v2\/media?parent=243"}],"curies":[{"name":"wp","href":"https:\/\/api.w.org\/{rel}","templated":true}]}}