{"id":238,"date":"2026-04-16T18:01:57","date_gmt":"2026-04-16T18:01:57","guid":{"rendered":"https:\/\/mercedesbarrutia.com\/fundamental\/?page_id=238"},"modified":"2026-04-29T14:43:59","modified_gmt":"2026-04-29T14:43:59","slug":"coworking","status":"publish","type":"page","link":"https:\/\/mercedesbarrutia.com\/fundamental\/coworking\/","title":{"rendered":"Coworking"},"content":{"rendered":"\n<p>Nuestro coworking es un espacio seguro, tranquilo y profesional que impulsa el talento y facilita que las personas trabajen, creen y se formen de una forma intercolaborativo. \u00bfTe suena eso de las sinergias? Pues eso mismo, pero en la vida real, de verdad. <\/p>\n\n\n\n<p>Un lugar que cuida a y que devuelve valor social. Para ti. <\/p>\n\n\n\n<p>Donde Mercedes. Ah\u00ed. <\/p>\n\n\n\n<figure class=\"wp-block-image size-large\"><img loading=\"lazy\" decoding=\"async\" width=\"1024\" height=\"311\" src=\"https:\/\/mercedesbarrutia.com\/fundamental\/wp-content\/uploads\/2026\/04\/LOGO-SERVICIOS-1024x311.png\" alt=\"\" class=\"wp-image-244\" srcset=\"https:\/\/mercedesbarrutia.com\/fundamental\/wp-content\/uploads\/2026\/04\/LOGO-SERVICIOS-1024x311.png 1024w, https:\/\/mercedesbarrutia.com\/fundamental\/wp-content\/uploads\/2026\/04\/LOGO-SERVICIOS-300x91.png 300w, https:\/\/mercedesbarrutia.com\/fundamental\/wp-content\/uploads\/2026\/04\/LOGO-SERVICIOS-768x233.png 768w, https:\/\/mercedesbarrutia.com\/fundamental\/wp-content\/uploads\/2026\/04\/LOGO-SERVICIOS-1536x466.png 1536w, https:\/\/mercedesbarrutia.com\/fundamental\/wp-content\/uploads\/2026\/04\/LOGO-SERVICIOS-2048x621.png 2048w\" sizes=\"auto, (max-width: 1024px) 100vw, 1024px\" \/><\/figure>\n\n\n\n<p>Consulta los servicios que ofrecemos y las tarifas. <\/p>\n\n\n\n<div class=\"wp-block-buttons is-layout-flex wp-block-buttons-is-layout-flex\">\n<div class=\"wp-block-button\"><a class=\"wp-block-button__link wp-element-button\" href=\"https:\/\/mercedesbarrutia.com\/fundamental\/servicios\/\">Servicios<\/a><\/div>\n\n\n\n<div class=\"wp-block-button\"><a class=\"wp-block-button__link wp-element-button\" href=\"https:\/\/mercedesbarrutia.com\/fundamental\/tarifas\/\">Tarifas<\/a><\/div>\n<\/div>\n\n\n\n<p>Para saber m\u00e1s, contacta con nosotros y ya te explicamos todo con m\u00e1s detalle. <\/p>\n\n\n\n<div class=\"wp-block-buttons is-layout-flex wp-block-buttons-is-layout-flex\">\n<div class=\"wp-block-button\"><a class=\"wp-block-button__link has-text-align-center wp-element-button\" href=\"https:\/\/mercedesbarrutia.com\/fundamental\/contacto\/\">Contacto<\/a><\/div>\n<\/div>\n","protected":false},"excerpt":{"rendered":"<p>Nuestro coworking es un espacio seguro, tranquilo y profesional que impulsa el talento y facilita [&hellip;]<\/p>\n","protected":false},"author":2,"featured_media":0,"parent":0,"menu_order":0,"comment_status":"closed","ping_status":"closed","template":"","meta":{"_uag_custom_page_level_css":"","footnotes":""},"class_list":["post-238","page","type-page","status-publish","hentry"],"yoast_head":"<!-- This site is optimized with the Yoast SEO plugin v27.5 - https:\/\/yoast.com\/product\/yoast-seo-wordpress\/ -->\n<title>Coworking - Es fundamental<\/title>\n<meta name=\"robots\" content=\"index, follow, max-snippet:-1, max-image-preview:large, max-video-preview:-1\" \/>\n<link rel=\"canonical\" href=\"https:\/\/mercedesbarrutia.com\/fundamental\/coworking\/\" \/>\n<meta property=\"og:locale\" content=\"es_ES\" \/>\n<meta property=\"og:type\" content=\"article\" \/>\n<meta property=\"og:title\" content=\"Coworking - Es fundamental\" \/>\n<meta property=\"og:description\" content=\"Nuestro coworking es un espacio seguro, tranquilo y profesional que impulsa el talento y facilita [&hellip;]\" \/>\n<meta property=\"og:url\" content=\"https:\/\/mercedesbarrutia.com\/fundamental\/coworking\/\" \/>\n<meta property=\"og:site_name\" content=\"Es fundamental\" \/>\n<meta property=\"article:modified_time\" content=\"2026-04-29T14:43:59+00:00\" \/>\n<meta property=\"og:image\" content=\"https:\/\/mercedesbarrutia.com\/fundamental\/wp-content\/uploads\/2026\/04\/LOGO-SERVICIOS-scaled.png\" \/>\n\t<meta property=\"og:image:width\" content=\"2560\" \/>\n\t<meta property=\"og:image:height\" content=\"776\" \/>\n\t<meta property=\"og:image:type\" content=\"image\/png\" \/>\n<meta name=\"twitter:card\" content=\"summary_large_image\" \/>\n<meta name=\"twitter:label1\" content=\"Tiempo de lectura\" \/>\n\t<meta name=\"twitter:data1\" content=\"1 minuto\" \/>\n<script type=\"application\/ld+json\" class=\"yoast-schema-graph\">{\"@context\":\"https:\\\/\\\/schema.org\",\"@graph\":[{\"@type\":\"WebPage\",\"@id\":\"https:\\\/\\\/mercedesbarrutia.com\\\/fundamental\\\/coworking\\\/\",\"url\":\"https:\\\/\\\/mercedesbarrutia.com\\\/fundamental\\\/coworking\\\/\",\"name\":\"Coworking - Es fundamental\",\"isPartOf\":{\"@id\":\"https:\\\/\\\/mercedesbarrutia.com\\\/fundamental\\\/#website\"},\"primaryImageOfPage\":{\"@id\":\"https:\\\/\\\/mercedesbarrutia.com\\\/fundamental\\\/coworking\\\/#primaryimage\"},\"image\":{\"@id\":\"https:\\\/\\\/mercedesbarrutia.com\\\/fundamental\\\/coworking\\\/#primaryimage\"},\"thumbnailUrl\":\"https:\\\/\\\/mercedesbarrutia.com\\\/fundamental\\\/wp-content\\\/uploads\\\/2026\\\/04\\\/LOGO-SERVICIOS-1024x311.png\",\"datePublished\":\"2026-04-16T18:01:57+00:00\",\"dateModified\":\"2026-04-29T14:43:59+00:00\",\"breadcrumb\":{\"@id\":\"https:\\\/\\\/mercedesbarrutia.com\\\/fundamental\\\/coworking\\\/#breadcrumb\"},\"inLanguage\":\"es\",\"potentialAction\":[{\"@type\":\"ReadAction\",\"target\":[\"https:\\\/\\\/mercedesbarrutia.com\\\/fundamental\\\/coworking\\\/\"]}]},{\"@type\":\"ImageObject\",\"inLanguage\":\"es\",\"@id\":\"https:\\\/\\\/mercedesbarrutia.com\\\/fundamental\\\/coworking\\\/#primaryimage\",\"url\":\"https:\\\/\\\/mercedesbarrutia.com\\\/fundamental\\\/wp-content\\\/uploads\\\/2026\\\/04\\\/LOGO-SERVICIOS-scaled.png\",\"contentUrl\":\"https:\\\/\\\/mercedesbarrutia.com\\\/fundamental\\\/wp-content\\\/uploads\\\/2026\\\/04\\\/LOGO-SERVICIOS-scaled.png\",\"width\":2560,\"height\":776},{\"@type\":\"BreadcrumbList\",\"@id\":\"https:\\\/\\\/mercedesbarrutia.com\\\/fundamental\\\/coworking\\\/#breadcrumb\",\"itemListElement\":[{\"@type\":\"ListItem\",\"position\":1,\"name\":\"Portada\",\"item\":\"https:\\\/\\\/mercedesbarrutia.com\\\/fundamental\\\/\"},{\"@type\":\"ListItem\",\"position\":2,\"name\":\"Coworking\"}]},{\"@type\":\"WebSite\",\"@id\":\"https:\\\/\\\/mercedesbarrutia.com\\\/fundamental\\\/#website\",\"url\":\"https:\\\/\\\/mercedesbarrutia.com\\\/fundamental\\\/\",\"name\":\"Formaci\u00f3n Profesional y Educaci\u00f3n Social\",\"description\":\"Formaci\u00f3n profesional &amp; educaci\u00f3n social\",\"publisher\":{\"@id\":\"https:\\\/\\\/mercedesbarrutia.com\\\/fundamental\\\/#\\\/schema\\\/person\\\/9beb311f3633e576fab6de667c16c022\"},\"potentialAction\":[{\"@type\":\"SearchAction\",\"target\":{\"@type\":\"EntryPoint\",\"urlTemplate\":\"https:\\\/\\\/mercedesbarrutia.com\\\/fundamental\\\/?s={search_term_string}\"},\"query-input\":{\"@type\":\"PropertyValueSpecification\",\"valueRequired\":true,\"valueName\":\"search_term_string\"}}],\"inLanguage\":\"es\"},{\"@type\":[\"Person\",\"Organization\"],\"@id\":\"https:\\\/\\\/mercedesbarrutia.com\\\/fundamental\\\/#\\\/schema\\\/person\\\/9beb311f3633e576fab6de667c16c022\",\"name\":\"Formaci\u00f3n Profesional y Educaci\u00f3n Social\",\"image\":{\"@type\":\"ImageObject\",\"inLanguage\":\"es\",\"@id\":\"https:\\\/\\\/mercedesbarrutia.com\\\/fundamental\\\/wp-content\\\/uploads\\\/2025\\\/01\\\/FUNDAMENTAL-LOGOTIPO-03.png\",\"url\":\"https:\\\/\\\/mercedesbarrutia.com\\\/fundamental\\\/wp-content\\\/uploads\\\/2025\\\/01\\\/FUNDAMENTAL-LOGOTIPO-03.png\",\"contentUrl\":\"https:\\\/\\\/mercedesbarrutia.com\\\/fundamental\\\/wp-content\\\/uploads\\\/2025\\\/01\\\/FUNDAMENTAL-LOGOTIPO-03.png\",\"width\":1082,\"height\":686,\"caption\":\"Formaci\u00f3n Profesional y Educaci\u00f3n Social\"},\"logo\":{\"@id\":\"https:\\\/\\\/mercedesbarrutia.com\\\/fundamental\\\/wp-content\\\/uploads\\\/2025\\\/01\\\/FUNDAMENTAL-LOGOTIPO-03.png\"},\"description\":\"Esta p\u00e1gina web es un entorno dedicado a la formaci\u00f3n profesional y a la educaci\u00f3n social a cargo de la comunicadora Mercedes Barrutia.\",\"sameAs\":[\"http:\\\/\\\/mercedesbarrutia.com\\\/fundamental\",\"https:\\\/\\\/www.instagram.com\\\/fundamental_formacion\\\/\",\"https:\\\/\\\/www.linkedin.com\\\/company\\\/fundamental-formacin\\\/\"]}]}<\/script>\n<!-- \/ Yoast SEO plugin. -->","yoast_head_json":{"title":"Coworking - Es fundamental","robots":{"index":"index","follow":"follow","max-snippet":"max-snippet:-1","max-image-preview":"max-image-preview:large","max-video-preview":"max-video-preview:-1"},"canonical":"https:\/\/mercedesbarrutia.com\/fundamental\/coworking\/","og_locale":"es_ES","og_type":"article","og_title":"Coworking - Es fundamental","og_description":"Nuestro coworking es un espacio seguro, tranquilo y profesional que impulsa el talento y facilita [&hellip;]","og_url":"https:\/\/mercedesbarrutia.com\/fundamental\/coworking\/","og_site_name":"Es fundamental","article_modified_time":"2026-04-29T14:43:59+00:00","og_image":[{"width":2560,"height":776,"url":"https:\/\/mercedesbarrutia.com\/fundamental\/wp-content\/uploads\/2026\/04\/LOGO-SERVICIOS-scaled.png","type":"image\/png"}],"twitter_card":"summary_large_image","twitter_misc":{"Tiempo de lectura":"1 minuto"},"schema":{"@context":"https:\/\/schema.org","@graph":[{"@type":"WebPage","@id":"https:\/\/mercedesbarrutia.com\/fundamental\/coworking\/","url":"https:\/\/mercedesbarrutia.com\/fundamental\/coworking\/","name":"Coworking - Es fundamental","isPartOf":{"@id":"https:\/\/mercedesbarrutia.com\/fundamental\/#website"},"primaryImageOfPage":{"@id":"https:\/\/mercedesbarrutia.com\/fundamental\/coworking\/#primaryimage"},"image":{"@id":"https:\/\/mercedesbarrutia.com\/fundamental\/coworking\/#primaryimage"},"thumbnailUrl":"https:\/\/mercedesbarrutia.com\/fundamental\/wp-content\/uploads\/2026\/04\/LOGO-SERVICIOS-1024x311.png","datePublished":"2026-04-16T18:01:57+00:00","dateModified":"2026-04-29T14:43:59+00:00","breadcrumb":{"@id":"https:\/\/mercedesbarrutia.com\/fundamental\/coworking\/#breadcrumb"},"inLanguage":"es","potentialAction":[{"@type":"ReadAction","target":["https:\/\/mercedesbarrutia.com\/fundamental\/coworking\/"]}]},{"@type":"ImageObject","inLanguage":"es","@id":"https:\/\/mercedesbarrutia.com\/fundamental\/coworking\/#primaryimage","url":"https:\/\/mercedesbarrutia.com\/fundamental\/wp-content\/uploads\/2026\/04\/LOGO-SERVICIOS-scaled.png","contentUrl":"https:\/\/mercedesbarrutia.com\/fundamental\/wp-content\/uploads\/2026\/04\/LOGO-SERVICIOS-scaled.png","width":2560,"height":776},{"@type":"BreadcrumbList","@id":"https:\/\/mercedesbarrutia.com\/fundamental\/coworking\/#breadcrumb","itemListElement":[{"@type":"ListItem","position":1,"name":"Portada","item":"https:\/\/mercedesbarrutia.com\/fundamental\/"},{"@type":"ListItem","position":2,"name":"Coworking"}]},{"@type":"WebSite","@id":"https:\/\/mercedesbarrutia.com\/fundamental\/#website","url":"https:\/\/mercedesbarrutia.com\/fundamental\/","name":"Formaci\u00f3n Profesional y Educaci\u00f3n Social","description":"Formaci\u00f3n profesional &amp; educaci\u00f3n social","publisher":{"@id":"https:\/\/mercedesbarrutia.com\/fundamental\/#\/schema\/person\/9beb311f3633e576fab6de667c16c022"},"potentialAction":[{"@type":"SearchAction","target":{"@type":"EntryPoint","urlTemplate":"https:\/\/mercedesbarrutia.com\/fundamental\/?s={search_term_string}"},"query-input":{"@type":"PropertyValueSpecification","valueRequired":true,"valueName":"search_term_string"}}],"inLanguage":"es"},{"@type":["Person","Organization"],"@id":"https:\/\/mercedesbarrutia.com\/fundamental\/#\/schema\/person\/9beb311f3633e576fab6de667c16c022","name":"Formaci\u00f3n Profesional y Educaci\u00f3n Social","image":{"@type":"ImageObject","inLanguage":"es","@id":"https:\/\/mercedesbarrutia.com\/fundamental\/wp-content\/uploads\/2025\/01\/FUNDAMENTAL-LOGOTIPO-03.png","url":"https:\/\/mercedesbarrutia.com\/fundamental\/wp-content\/uploads\/2025\/01\/FUNDAMENTAL-LOGOTIPO-03.png","contentUrl":"https:\/\/mercedesbarrutia.com\/fundamental\/wp-content\/uploads\/2025\/01\/FUNDAMENTAL-LOGOTIPO-03.png","width":1082,"height":686,"caption":"Formaci\u00f3n Profesional y Educaci\u00f3n Social"},"logo":{"@id":"https:\/\/mercedesbarrutia.com\/fundamental\/wp-content\/uploads\/2025\/01\/FUNDAMENTAL-LOGOTIPO-03.png"},"description":"Esta p\u00e1gina web es un entorno dedicado a la formaci\u00f3n profesional y a la educaci\u00f3n social a cargo de la comunicadora Mercedes Barrutia.","sameAs":["http:\/\/mercedesbarrutia.com\/fundamental","https:\/\/www.instagram.com\/fundamental_formacion\/","https:\/\/www.linkedin.com\/company\/fundamental-formacin\/"]}]}},"uagb_featured_image_src":{"full":false,"thumbnail":false,"medium":false,"medium_large":false,"large":false,"1536x1536":false,"2048x2048":false},"uagb_author_info":{"display_name":"Formaci\u00f3n Profesional y Educaci\u00f3n Social","author_link":"https:\/\/mercedesbarrutia.com\/fundamental\/author\/admin-2\/"},"uagb_comment_info":0,"uagb_excerpt":"Nuestro coworking es un espacio seguro, tranquilo y profesional que impulsa el talento y facilita [&hellip;]","jetpack_sharing_enabled":true,"_links":{"self":[{"href":"https:\/\/mercedesbarrutia.com\/fundamental\/wp-json\/wp\/v2\/pages\/238","targetHints":{"allow":["GET"]}}],"collection":[{"href":"https:\/\/mercedesbarrutia.com\/fundamental\/wp-json\/wp\/v2\/pages"}],"about":[{"href":"https:\/\/mercedesbarrutia.com\/fundamental\/wp-json\/wp\/v2\/types\/page"}],"author":[{"embeddable":true,"href":"https:\/\/mercedesbarrutia.com\/fundamental\/wp-json\/wp\/v2\/users\/2"}],"replies":[{"embeddable":true,"href":"https:\/\/mercedesbarrutia.com\/fundamental\/wp-json\/wp\/v2\/comments?post=238"}],"version-history":[{"count":3,"href":"https:\/\/mercedesbarrutia.com\/fundamental\/wp-json\/wp\/v2\/pages\/238\/revisions"}],"predecessor-version":[{"id":303,"href":"https:\/\/mercedesbarrutia.com\/fundamental\/wp-json\/wp\/v2\/pages\/238\/revisions\/303"}],"wp:attachment":[{"href":"https:\/\/mercedesbarrutia.com\/fundamental\/wp-json\/wp\/v2\/media?parent=238"}],"curies":[{"name":"wp","href":"https:\/\/api.w.org\/{rel}","templated":true}]}}