{"id":106,"date":"2023-06-30T11:06:49","date_gmt":"2023-06-30T11:06:49","guid":{"rendered":"https:\/\/mercedesbarrutia.com\/fundamental\/?page_id=106"},"modified":"2023-06-30T11:06:49","modified_gmt":"2023-06-30T11:06:49","slug":"9-mentiras-sobre-feminismo-que-deberias-conocer","status":"publish","type":"page","link":"https:\/\/mercedesbarrutia.com\/fundamental\/9-mentiras-sobre-feminismo-que-deberias-conocer\/","title":{"rendered":"9 mentiras sobre feminismo que deber\u00edas conocer"},"content":{"rendered":"\n<p>Comentaremos y ofreceremos otra perspectiva sobre las principales mentiras que giran en torno al feminismo. S\u00f3lo pretendemos hacer pensar. <\/p>\n\n\n\n<p>Puede ser \u00fatil para docentes, grupos de adultos, profesionales, j\u00f3venes&#8230; \u00a1para todos!<\/p>\n\n\n\n<p>Este taller puede incluir un dossier impreso sobre el tema que se puede repartir entre los participantes.<br>Tambi\u00e9n puede incluir din\u00e1micas de grupo. <\/p>\n\n\n\n<p>Escr\u00edbenos y cu\u00e9ntanos que necesitas a fundamental@mercedesbarrutia.com <\/p>\n\n\n\n<figure class=\"wp-block-image size-large\"><img loading=\"lazy\" decoding=\"async\" width=\"1024\" height=\"1024\" src=\"https:\/\/mercedesbarrutia.com\/fundamental\/wp-content\/uploads\/2023\/06\/1-1024x1024.png\" alt=\"\" class=\"wp-image-107\" srcset=\"https:\/\/mercedesbarrutia.com\/fundamental\/wp-content\/uploads\/2023\/06\/1-1024x1024.png 1024w, https:\/\/mercedesbarrutia.com\/fundamental\/wp-content\/uploads\/2023\/06\/1-300x300.png 300w, https:\/\/mercedesbarrutia.com\/fundamental\/wp-content\/uploads\/2023\/06\/1-150x150.png 150w, https:\/\/mercedesbarrutia.com\/fundamental\/wp-content\/uploads\/2023\/06\/1-768x768.png 768w, https:\/\/mercedesbarrutia.com\/fundamental\/wp-content\/uploads\/2023\/06\/1.png 1080w\" sizes=\"auto, (max-width: 1024px) 100vw, 1024px\" \/><\/figure>\n","protected":false},"excerpt":{"rendered":"<p>Comentaremos y ofreceremos otra perspectiva sobre las principales mentiras que giran en torno al feminismo. [&hellip;]<\/p>\n","protected":false},"author":2,"featured_media":0,"parent":0,"menu_order":0,"comment_status":"closed","ping_status":"closed","template":"","meta":{"_uag_custom_page_level_css":"","footnotes":""},"class_list":["post-106","page","type-page","status-publish","hentry"],"yoast_head":"<!-- This site is optimized with the Yoast SEO plugin v27.6 - https:\/\/yoast.com\/product\/yoast-seo-wordpress\/ -->\n<title>9 mentiras sobre feminismo que deber\u00edas conocer - Es fundamental<\/title>\n<meta name=\"robots\" content=\"index, follow, max-snippet:-1, max-image-preview:large, max-video-preview:-1\" \/>\n<link rel=\"canonical\" href=\"https:\/\/mercedesbarrutia.com\/fundamental\/9-mentiras-sobre-feminismo-que-deberias-conocer\/\" \/>\n<meta property=\"og:locale\" content=\"es_ES\" \/>\n<meta property=\"og:type\" content=\"article\" \/>\n<meta property=\"og:title\" content=\"9 mentiras sobre feminismo que deber\u00edas conocer - Es fundamental\" \/>\n<meta property=\"og:description\" content=\"Comentaremos y ofreceremos otra perspectiva sobre las principales mentiras que giran en torno al feminismo. [&hellip;]\" \/>\n<meta property=\"og:url\" content=\"https:\/\/mercedesbarrutia.com\/fundamental\/9-mentiras-sobre-feminismo-que-deberias-conocer\/\" \/>\n<meta property=\"og:site_name\" content=\"Es fundamental\" \/>\n<meta property=\"og:image\" content=\"https:\/\/mercedesbarrutia.com\/fundamental\/wp-content\/uploads\/2023\/06\/1.png\" \/>\n\t<meta property=\"og:image:width\" content=\"1080\" \/>\n\t<meta property=\"og:image:height\" content=\"1080\" \/>\n\t<meta property=\"og:image:type\" content=\"image\/png\" \/>\n<meta name=\"twitter:card\" content=\"summary_large_image\" \/>\n<script type=\"application\/ld+json\" class=\"yoast-schema-graph\">{\"@context\":\"https:\\\/\\\/schema.org\",\"@graph\":[{\"@type\":\"WebPage\",\"@id\":\"https:\\\/\\\/mercedesbarrutia.com\\\/fundamental\\\/9-mentiras-sobre-feminismo-que-deberias-conocer\\\/\",\"url\":\"https:\\\/\\\/mercedesbarrutia.com\\\/fundamental\\\/9-mentiras-sobre-feminismo-que-deberias-conocer\\\/\",\"name\":\"9 mentiras sobre feminismo que deber\u00edas conocer - Es fundamental\",\"isPartOf\":{\"@id\":\"https:\\\/\\\/mercedesbarrutia.com\\\/fundamental\\\/#website\"},\"primaryImageOfPage\":{\"@id\":\"https:\\\/\\\/mercedesbarrutia.com\\\/fundamental\\\/9-mentiras-sobre-feminismo-que-deberias-conocer\\\/#primaryimage\"},\"image\":{\"@id\":\"https:\\\/\\\/mercedesbarrutia.com\\\/fundamental\\\/9-mentiras-sobre-feminismo-que-deberias-conocer\\\/#primaryimage\"},\"thumbnailUrl\":\"https:\\\/\\\/mercedesbarrutia.com\\\/fundamental\\\/wp-content\\\/uploads\\\/2023\\\/06\\\/1-1024x1024.png\",\"datePublished\":\"2023-06-30T11:06:49+00:00\",\"breadcrumb\":{\"@id\":\"https:\\\/\\\/mercedesbarrutia.com\\\/fundamental\\\/9-mentiras-sobre-feminismo-que-deberias-conocer\\\/#breadcrumb\"},\"inLanguage\":\"es\",\"potentialAction\":[{\"@type\":\"ReadAction\",\"target\":[\"https:\\\/\\\/mercedesbarrutia.com\\\/fundamental\\\/9-mentiras-sobre-feminismo-que-deberias-conocer\\\/\"]}]},{\"@type\":\"ImageObject\",\"inLanguage\":\"es\",\"@id\":\"https:\\\/\\\/mercedesbarrutia.com\\\/fundamental\\\/9-mentiras-sobre-feminismo-que-deberias-conocer\\\/#primaryimage\",\"url\":\"https:\\\/\\\/mercedesbarrutia.com\\\/fundamental\\\/wp-content\\\/uploads\\\/2023\\\/06\\\/1.png\",\"contentUrl\":\"https:\\\/\\\/mercedesbarrutia.com\\\/fundamental\\\/wp-content\\\/uploads\\\/2023\\\/06\\\/1.png\",\"width\":1080,\"height\":1080},{\"@type\":\"BreadcrumbList\",\"@id\":\"https:\\\/\\\/mercedesbarrutia.com\\\/fundamental\\\/9-mentiras-sobre-feminismo-que-deberias-conocer\\\/#breadcrumb\",\"itemListElement\":[{\"@type\":\"ListItem\",\"position\":1,\"name\":\"Portada\",\"item\":\"https:\\\/\\\/mercedesbarrutia.com\\\/fundamental\\\/\"},{\"@type\":\"ListItem\",\"position\":2,\"name\":\"9 mentiras sobre feminismo que deber\u00edas conocer\"}]},{\"@type\":\"WebSite\",\"@id\":\"https:\\\/\\\/mercedesbarrutia.com\\\/fundamental\\\/#website\",\"url\":\"https:\\\/\\\/mercedesbarrutia.com\\\/fundamental\\\/\",\"name\":\"Formaci\u00f3n Profesional y Educaci\u00f3n Social\",\"description\":\"Formaci\u00f3n profesional &amp; educaci\u00f3n social\",\"publisher\":{\"@id\":\"https:\\\/\\\/mercedesbarrutia.com\\\/fundamental\\\/#\\\/schema\\\/person\\\/9beb311f3633e576fab6de667c16c022\"},\"potentialAction\":[{\"@type\":\"SearchAction\",\"target\":{\"@type\":\"EntryPoint\",\"urlTemplate\":\"https:\\\/\\\/mercedesbarrutia.com\\\/fundamental\\\/?s={search_term_string}\"},\"query-input\":{\"@type\":\"PropertyValueSpecification\",\"valueRequired\":true,\"valueName\":\"search_term_string\"}}],\"inLanguage\":\"es\"},{\"@type\":[\"Person\",\"Organization\"],\"@id\":\"https:\\\/\\\/mercedesbarrutia.com\\\/fundamental\\\/#\\\/schema\\\/person\\\/9beb311f3633e576fab6de667c16c022\",\"name\":\"Formaci\u00f3n Profesional y Educaci\u00f3n Social\",\"image\":{\"@type\":\"ImageObject\",\"inLanguage\":\"es\",\"@id\":\"https:\\\/\\\/mercedesbarrutia.com\\\/fundamental\\\/wp-content\\\/uploads\\\/2025\\\/01\\\/FUNDAMENTAL-LOGOTIPO-03.png\",\"url\":\"https:\\\/\\\/mercedesbarrutia.com\\\/fundamental\\\/wp-content\\\/uploads\\\/2025\\\/01\\\/FUNDAMENTAL-LOGOTIPO-03.png\",\"contentUrl\":\"https:\\\/\\\/mercedesbarrutia.com\\\/fundamental\\\/wp-content\\\/uploads\\\/2025\\\/01\\\/FUNDAMENTAL-LOGOTIPO-03.png\",\"width\":1082,\"height\":686,\"caption\":\"Formaci\u00f3n Profesional y Educaci\u00f3n Social\"},\"logo\":{\"@id\":\"https:\\\/\\\/mercedesbarrutia.com\\\/fundamental\\\/wp-content\\\/uploads\\\/2025\\\/01\\\/FUNDAMENTAL-LOGOTIPO-03.png\"},\"description\":\"Esta p\u00e1gina web es un entorno dedicado a la formaci\u00f3n profesional y a la educaci\u00f3n social a cargo de la comunicadora Mercedes Barrutia.\",\"sameAs\":[\"http:\\\/\\\/mercedesbarrutia.com\\\/fundamental\",\"https:\\\/\\\/www.instagram.com\\\/fundamental_formacion\\\/\",\"https:\\\/\\\/www.linkedin.com\\\/company\\\/fundamental-formacin\\\/\"]}]}<\/script>\n<!-- \/ Yoast SEO plugin. -->","yoast_head_json":{"title":"9 mentiras sobre feminismo que deber\u00edas conocer - Es fundamental","robots":{"index":"index","follow":"follow","max-snippet":"max-snippet:-1","max-image-preview":"max-image-preview:large","max-video-preview":"max-video-preview:-1"},"canonical":"https:\/\/mercedesbarrutia.com\/fundamental\/9-mentiras-sobre-feminismo-que-deberias-conocer\/","og_locale":"es_ES","og_type":"article","og_title":"9 mentiras sobre feminismo que deber\u00edas conocer - Es fundamental","og_description":"Comentaremos y ofreceremos otra perspectiva sobre las principales mentiras que giran en torno al feminismo. [&hellip;]","og_url":"https:\/\/mercedesbarrutia.com\/fundamental\/9-mentiras-sobre-feminismo-que-deberias-conocer\/","og_site_name":"Es fundamental","og_image":[{"width":1080,"height":1080,"url":"https:\/\/mercedesbarrutia.com\/fundamental\/wp-content\/uploads\/2023\/06\/1.png","type":"image\/png"}],"twitter_card":"summary_large_image","schema":{"@context":"https:\/\/schema.org","@graph":[{"@type":"WebPage","@id":"https:\/\/mercedesbarrutia.com\/fundamental\/9-mentiras-sobre-feminismo-que-deberias-conocer\/","url":"https:\/\/mercedesbarrutia.com\/fundamental\/9-mentiras-sobre-feminismo-que-deberias-conocer\/","name":"9 mentiras sobre feminismo que deber\u00edas conocer - Es fundamental","isPartOf":{"@id":"https:\/\/mercedesbarrutia.com\/fundamental\/#website"},"primaryImageOfPage":{"@id":"https:\/\/mercedesbarrutia.com\/fundamental\/9-mentiras-sobre-feminismo-que-deberias-conocer\/#primaryimage"},"image":{"@id":"https:\/\/mercedesbarrutia.com\/fundamental\/9-mentiras-sobre-feminismo-que-deberias-conocer\/#primaryimage"},"thumbnailUrl":"https:\/\/mercedesbarrutia.com\/fundamental\/wp-content\/uploads\/2023\/06\/1-1024x1024.png","datePublished":"2023-06-30T11:06:49+00:00","breadcrumb":{"@id":"https:\/\/mercedesbarrutia.com\/fundamental\/9-mentiras-sobre-feminismo-que-deberias-conocer\/#breadcrumb"},"inLanguage":"es","potentialAction":[{"@type":"ReadAction","target":["https:\/\/mercedesbarrutia.com\/fundamental\/9-mentiras-sobre-feminismo-que-deberias-conocer\/"]}]},{"@type":"ImageObject","inLanguage":"es","@id":"https:\/\/mercedesbarrutia.com\/fundamental\/9-mentiras-sobre-feminismo-que-deberias-conocer\/#primaryimage","url":"https:\/\/mercedesbarrutia.com\/fundamental\/wp-content\/uploads\/2023\/06\/1.png","contentUrl":"https:\/\/mercedesbarrutia.com\/fundamental\/wp-content\/uploads\/2023\/06\/1.png","width":1080,"height":1080},{"@type":"BreadcrumbList","@id":"https:\/\/mercedesbarrutia.com\/fundamental\/9-mentiras-sobre-feminismo-que-deberias-conocer\/#breadcrumb","itemListElement":[{"@type":"ListItem","position":1,"name":"Portada","item":"https:\/\/mercedesbarrutia.com\/fundamental\/"},{"@type":"ListItem","position":2,"name":"9 mentiras sobre feminismo que deber\u00edas conocer"}]},{"@type":"WebSite","@id":"https:\/\/mercedesbarrutia.com\/fundamental\/#website","url":"https:\/\/mercedesbarrutia.com\/fundamental\/","name":"Formaci\u00f3n Profesional y Educaci\u00f3n Social","description":"Formaci\u00f3n profesional &amp; educaci\u00f3n social","publisher":{"@id":"https:\/\/mercedesbarrutia.com\/fundamental\/#\/schema\/person\/9beb311f3633e576fab6de667c16c022"},"potentialAction":[{"@type":"SearchAction","target":{"@type":"EntryPoint","urlTemplate":"https:\/\/mercedesbarrutia.com\/fundamental\/?s={search_term_string}"},"query-input":{"@type":"PropertyValueSpecification","valueRequired":true,"valueName":"search_term_string"}}],"inLanguage":"es"},{"@type":["Person","Organization"],"@id":"https:\/\/mercedesbarrutia.com\/fundamental\/#\/schema\/person\/9beb311f3633e576fab6de667c16c022","name":"Formaci\u00f3n Profesional y Educaci\u00f3n Social","image":{"@type":"ImageObject","inLanguage":"es","@id":"https:\/\/mercedesbarrutia.com\/fundamental\/wp-content\/uploads\/2025\/01\/FUNDAMENTAL-LOGOTIPO-03.png","url":"https:\/\/mercedesbarrutia.com\/fundamental\/wp-content\/uploads\/2025\/01\/FUNDAMENTAL-LOGOTIPO-03.png","contentUrl":"https:\/\/mercedesbarrutia.com\/fundamental\/wp-content\/uploads\/2025\/01\/FUNDAMENTAL-LOGOTIPO-03.png","width":1082,"height":686,"caption":"Formaci\u00f3n Profesional y Educaci\u00f3n Social"},"logo":{"@id":"https:\/\/mercedesbarrutia.com\/fundamental\/wp-content\/uploads\/2025\/01\/FUNDAMENTAL-LOGOTIPO-03.png"},"description":"Esta p\u00e1gina web es un entorno dedicado a la formaci\u00f3n profesional y a la educaci\u00f3n social a cargo de la comunicadora Mercedes Barrutia.","sameAs":["http:\/\/mercedesbarrutia.com\/fundamental","https:\/\/www.instagram.com\/fundamental_formacion\/","https:\/\/www.linkedin.com\/company\/fundamental-formacin\/"]}]}},"uagb_featured_image_src":{"full":false,"thumbnail":false,"medium":false,"medium_large":false,"large":false,"1536x1536":false,"2048x2048":false},"uagb_author_info":{"display_name":"Formaci\u00f3n Profesional y Educaci\u00f3n Social","author_link":"https:\/\/mercedesbarrutia.com\/fundamental\/author\/admin-2\/"},"uagb_comment_info":0,"uagb_excerpt":"Comentaremos y ofreceremos otra perspectiva sobre las principales mentiras que giran en torno al feminismo. [&hellip;]","jetpack_sharing_enabled":true,"_links":{"self":[{"href":"https:\/\/mercedesbarrutia.com\/fundamental\/wp-json\/wp\/v2\/pages\/106","targetHints":{"allow":["GET"]}}],"collection":[{"href":"https:\/\/mercedesbarrutia.com\/fundamental\/wp-json\/wp\/v2\/pages"}],"about":[{"href":"https:\/\/mercedesbarrutia.com\/fundamental\/wp-json\/wp\/v2\/types\/page"}],"author":[{"embeddable":true,"href":"https:\/\/mercedesbarrutia.com\/fundamental\/wp-json\/wp\/v2\/users\/2"}],"replies":[{"embeddable":true,"href":"https:\/\/mercedesbarrutia.com\/fundamental\/wp-json\/wp\/v2\/comments?post=106"}],"version-history":[{"count":1,"href":"https:\/\/mercedesbarrutia.com\/fundamental\/wp-json\/wp\/v2\/pages\/106\/revisions"}],"predecessor-version":[{"id":108,"href":"https:\/\/mercedesbarrutia.com\/fundamental\/wp-json\/wp\/v2\/pages\/106\/revisions\/108"}],"wp:attachment":[{"href":"https:\/\/mercedesbarrutia.com\/fundamental\/wp-json\/wp\/v2\/media?parent=106"}],"curies":[{"name":"wp","href":"https:\/\/api.w.org\/{rel}","templated":true}]}}